{"id":146,"date":"2021-09-20T15:28:30","date_gmt":"2021-09-20T15:28:30","guid":{"rendered":"https:\/\/umayor.edu.co\/portales\/sig\/?page_id=146"},"modified":"2025-02-15T17:25:45","modified_gmt":"2025-02-15T17:25:45","slug":"procesos-sig-evaluacion","status":"publish","type":"page","link":"https:\/\/umayor.edu.co\/portales\/sig\/procesos-sig-evaluacion\/","title":{"rendered":"Procesos SIG Evaluaci\u00f3n"},"content":{"rendered":"\t\t<div data-elementor-type=\"wp-page\" data-elementor-id=\"146\" class=\"elementor elementor-146\" data-elementor-post-type=\"page\">\n\t\t\t\t\t\t<section class=\"elementor-section elementor-top-section elementor-element elementor-element-2ce3911d elementor-section-height-min-height elementor-section-boxed elementor-section-height-default elementor-section-items-middle\" data-id=\"2ce3911d\" data-element_type=\"section\" data-settings=\"{&quot;background_background&quot;:&quot;classic&quot;}\">\n\t\t\t\t\t\t\t<div class=\"elementor-background-overlay\"><\/div>\n\t\t\t\t\t\t\t<div class=\"elementor-container elementor-column-gap-default\">\n\t\t\t\t\t<div class=\"elementor-column elementor-col-50 elementor-top-column elementor-element elementor-element-7f7012f9\" data-id=\"7f7012f9\" data-element_type=\"column\">\n\t\t\t<div class=\"elementor-widget-wrap elementor-element-populated\">\n\t\t\t\t\t\t<div class=\"elementor-element elementor-element-c18cb1b elementor-widget elementor-widget-heading\" data-id=\"c18cb1b\" data-element_type=\"widget\" data-widget_type=\"heading.default\">\n\t\t\t\t<div class=\"elementor-widget-container\">\n\t\t\t\t\t<h1 class=\"elementor-heading-title elementor-size-default\">Procesos SIG Evaluaci\u00f3n<\/h1>\t\t\t\t<\/div>\n\t\t\t\t<\/div>\n\t\t\t\t\t<\/div>\n\t\t<\/div>\n\t\t\t\t<div class=\"elementor-column elementor-col-50 elementor-top-column elementor-element elementor-element-1c39bf3c\" data-id=\"1c39bf3c\" data-element_type=\"column\">\n\t\t\t<div class=\"elementor-widget-wrap\">\n\t\t\t\t\t\t\t<\/div>\n\t\t<\/div>\n\t\t\t\t\t<\/div>\n\t\t<\/section>\n\t\t\t\t<section class=\"elementor-section elementor-top-section elementor-element elementor-element-7b13b02 elementor-section-boxed elementor-section-height-default elementor-section-height-default\" data-id=\"7b13b02\" data-element_type=\"section\">\n\t\t\t\t\t\t<div class=\"elementor-container elementor-column-gap-default\">\n\t\t\t\t\t<div class=\"elementor-column elementor-col-100 elementor-top-column elementor-element elementor-element-17e21d4\" data-id=\"17e21d4\" data-element_type=\"column\">\n\t\t\t<div class=\"elementor-widget-wrap elementor-element-populated\">\n\t\t\t\t\t\t<div class=\"elementor-element elementor-element-3d57fe6 elementor-icon-list--layout-inline elementor-align-center elementor-list-item-link-full_width elementor-widget elementor-widget-icon-list\" data-id=\"3d57fe6\" data-element_type=\"widget\" data-widget_type=\"icon-list.default\">\n\t\t\t\t<div class=\"elementor-widget-container\">\n\t\t\t\t\t\t\t<ul class=\"elementor-icon-list-items elementor-inline-items\">\n\t\t\t\t\t\t\t<li class=\"elementor-icon-list-item elementor-inline-item\">\n\t\t\t\t\t\t\t\t\t\t\t<a href=\"https:\/\/umayor.edu.co\/portales\/sig\/procesos-sig-misionales\/\">\n\n\t\t\t\t\t\t\t\t\t\t\t<span class=\"elementor-icon-list-text\">PROCESOS MISIONALES<\/span>\n\t\t\t\t\t\t\t\t\t\t\t<\/a>\n\t\t\t\t\t\t\t\t\t<\/li>\n\t\t\t\t\t\t\t\t<li class=\"elementor-icon-list-item elementor-inline-item\">\n\t\t\t\t\t\t\t\t\t\t\t<a href=\"https:\/\/umayor.edu.co\/portales\/sig\/procesos-de-apoyo\/\">\n\n\t\t\t\t\t\t\t\t\t\t\t<span class=\"elementor-icon-list-text\">PROCESOS DE APOYO<\/span>\n\t\t\t\t\t\t\t\t\t\t\t<\/a>\n\t\t\t\t\t\t\t\t\t<\/li>\n\t\t\t\t\t\t\t\t<li class=\"elementor-icon-list-item elementor-inline-item\">\n\t\t\t\t\t\t\t\t\t\t\t<a href=\"https:\/\/umayor.edu.co\/portales\/sig\/procesos-sig-estrategicos\/\">\n\n\t\t\t\t\t\t\t\t\t\t\t<span class=\"elementor-icon-list-text\">PROCESOS ESTRAT\u00c9GICOS<\/span>\n\t\t\t\t\t\t\t\t\t\t\t<\/a>\n\t\t\t\t\t\t\t\t\t<\/li>\n\t\t\t\t\t\t\t\t<li class=\"elementor-icon-list-item elementor-inline-item\">\n\t\t\t\t\t\t\t\t\t\t\t<a href=\"https:\/\/umayor.edu.co\/portales\/sig\/procesos-sig-evaluacion\/\">\n\n\t\t\t\t\t\t\t\t\t\t\t<span class=\"elementor-icon-list-text\">PROCESOS DE EVALUACI\u00d3N<\/span>\n\t\t\t\t\t\t\t\t\t\t\t<\/a>\n\t\t\t\t\t\t\t\t\t<\/li>\n\t\t\t\t\t\t<\/ul>\n\t\t\t\t\t\t<\/div>\n\t\t\t\t<\/div>\n\t\t\t\t\t<\/div>\n\t\t<\/div>\n\t\t\t\t\t<\/div>\n\t\t<\/section>\n\t\t\t\t<section class=\"elementor-section elementor-top-section elementor-element elementor-element-745c9bf6 elementor-section-boxed elementor-section-height-default elementor-section-height-default\" data-id=\"745c9bf6\" data-element_type=\"section\">\n\t\t\t\t\t\t<div class=\"elementor-container elementor-column-gap-default\">\n\t\t\t\t\t<div class=\"elementor-column elementor-col-100 elementor-top-column elementor-element elementor-element-1410979e\" data-id=\"1410979e\" data-element_type=\"column\" data-settings=\"{&quot;background_background&quot;:&quot;classic&quot;}\">\n\t\t\t<div class=\"elementor-widget-wrap elementor-element-populated\">\n\t\t\t\t\t\t<div class=\"elementor-element elementor-element-6034cf69 elementor-tabs-view-vertical elementor-widget elementor-widget-tabs\" data-id=\"6034cf69\" data-element_type=\"widget\" data-widget_type=\"tabs.default\">\n\t\t\t\t<div class=\"elementor-widget-container\">\n\t\t\t\t\t\t\t<div class=\"elementor-tabs\">\n\t\t\t<div class=\"elementor-tabs-wrapper\" role=\"tablist\" >\n\t\t\t\t\t\t\t\t\t<div id=\"elementor-tab-title-1611\" class=\"elementor-tab-title elementor-tab-desktop-title\" aria-selected=\"true\" data-tab=\"1\" role=\"tab\" tabindex=\"0\" aria-controls=\"elementor-tab-content-1611\" aria-expanded=\"false\">Calidad Acad\u00e9mica<\/div>\n\t\t\t\t\t\t\t\t\t<div id=\"elementor-tab-title-1612\" class=\"elementor-tab-title elementor-tab-desktop-title\" aria-selected=\"false\" data-tab=\"2\" role=\"tab\" tabindex=\"-1\" aria-controls=\"elementor-tab-content-1612\" aria-expanded=\"false\">Seguimiento, control y evaluaci\u00f3n<\/div>\n\t\t\t\t\t\t\t<\/div>\n\t\t\t<div class=\"elementor-tabs-content-wrapper\" role=\"tablist\" aria-orientation=\"vertical\">\n\t\t\t\t\t\t\t\t\t<div class=\"elementor-tab-title elementor-tab-mobile-title\" aria-selected=\"true\" data-tab=\"1\" role=\"tab\" tabindex=\"0\" aria-controls=\"elementor-tab-content-1611\" aria-expanded=\"false\">Calidad Acad\u00e9mica<\/div>\n\t\t\t\t\t<div id=\"elementor-tab-content-1611\" class=\"elementor-tab-content elementor-clearfix\" data-tab=\"1\" role=\"tabpanel\" aria-labelledby=\"elementor-tab-title-1611\" tabindex=\"0\" hidden=\"false\">\n<table id=\"tablepress-19\" class=\"tablepress tablepress-id-19\">\n<thead>\n<tr class=\"row-1\">\n\t<th class=\"column-1\">C\u00f3digo<\/th><th class=\"column-2\">Nombre del Archivo<\/th><th class=\"column-3\">Descargas<\/th><th class=\"column-4\">Versi\u00f3n<\/th><th class=\"column-5\">Fecha<\/th><th class=\"column-6\">Tipo<\/th>\n<\/tr>\n<\/thead>\n<tbody class=\"row-striping row-hover\">\n<tr class=\"row-2\">\n\t<td class=\"column-1\">OD-CA-004<\/td><td class=\"column-2\">Caracterizaci\u00f3n Calidad Academica<\/td><td class=\"column-3\"><a href=\"https:\/\/umayor.edu.co\/portales\/sig\/wp-content\/uploads\/2025\/08\/CARACTERIZACION-CALIDAD-ACADEMICA-V7-1.pdf\">Descargar<\/a><\/td><td class=\"column-4\">7<\/td><td class=\"column-5\">14\/08\/2025<\/td><td class=\"column-6\">CARACTERIZACI\u00d3N<\/td>\n<\/tr>\n<tr class=\"row-3\">\n\t<td class=\"column-1\">PR-CA-001<\/td><td class=\"column-2\">Autoevaluaci\u00f3n y acreditaci\u00f3n institucional<\/td><td class=\"column-3\"><a href=\"https:\/\/umayor.edu.co\/portales\/sig\/wp-content\/uploads\/2025\/10\/PR-CA-001-Autoevaluacion-Institucional-V11-1.pdf\">Descargar<\/a><\/td><td class=\"column-4\">11<\/td><td class=\"column-5\">07\/10\/2025<\/td><td class=\"column-6\">PROCEDIMIENTO<\/td>\n<\/tr>\n<tr class=\"row-4\">\n\t<td class=\"column-1\">PR-CA-003<\/td><td class=\"column-2\">Acompa\u00f1amiento a tr\u00e1mites de registro calificado, autoevaluaci\u00f3n y acreditaci\u00f3n de programas acad\u00e9micos<\/td><td class=\"column-3\"><a href=\"https:\/\/umayor.edu.co\/portales\/sig\/wp-content\/uploads\/2025\/10\/PR-CA-003-Acompanamiento-tramites-de-RC-autoevaluacion-y-acreditacion-V1.pdf\">Descargar<\/a><\/td><td class=\"column-4\">1<\/td><td class=\"column-5\">06\/10\/2025<\/td><td class=\"column-6\">PROCEDIMIENTO<\/td>\n<\/tr>\n<tr class=\"row-5\">\n\t<td class=\"column-1\">FT-CA-005<\/td><td class=\"column-2\">Plan de mejoramiento autoevaluaci\u00f3n y acreditaci\u00f3n<\/td><td class=\"column-3\"><a href=\"https:\/\/umayor.edu.co\/portales\/sig\/wp-content\/uploads\/2024\/02\/FT-CA-005-PLAN-DE-MEJORAMIENTO-1-4.xlsx\">Descargar<\/a><\/td><td class=\"column-4\">7<\/td><td class=\"column-5\">08\/06\/2023<\/td><td class=\"column-6\">FORMATO<\/td>\n<\/tr>\n<tr class=\"row-6\">\n\t<td class=\"column-1\">FT-CA-006<\/td><td class=\"column-2\">Cronograma de autoevaluaci\u00f3n institucional\/ programas acad\u00e9micos<\/td><td class=\"column-3\"><a href=\"https:\/\/umayor.edu.co\/portales\/sig\/wp-content\/uploads\/2025\/09\/Cronograma-de-autoevaluacion-V8-03-09-2025-1.xlsx\">Descargar<\/a><\/td><td class=\"column-4\">8<\/td><td class=\"column-5\">03\/09\/2025<\/td><td class=\"column-6\">FORMATO<\/td>\n<\/tr>\n<tr class=\"row-7\">\n\t<td class=\"column-1\">FT-CA-007<\/td><td class=\"column-2\">Valoraci\u00f3n de Informaci\u00f3n documental y num\u00e9rica de autoevaluaci\u00f3n institucional<\/td><td class=\"column-3\"><a href=\"https:\/\/umayor.edu.co\/portales\/sig\/wp-content\/uploads\/2025\/09\/FT-CA-007-Valoracion-de-la-informacion-documental-y-numerica-institucional-V2-3.xlsx\">Descargar<\/a><\/td><td class=\"column-4\">2<\/td><td class=\"column-5\">08\/09\/2025<\/td><td class=\"column-6\">FORMATO<\/td>\n<\/tr>\n<\/tbody>\n<\/table>\n<!-- #tablepress-19 from cache --><\/div>\n\t\t\t\t\t\t\t\t\t<div class=\"elementor-tab-title elementor-tab-mobile-title\" aria-selected=\"false\" data-tab=\"2\" role=\"tab\" tabindex=\"-1\" aria-controls=\"elementor-tab-content-1612\" aria-expanded=\"false\">Seguimiento, control y evaluaci\u00f3n<\/div>\n\t\t\t\t\t<div id=\"elementor-tab-content-1612\" class=\"elementor-tab-content elementor-clearfix\" data-tab=\"2\" role=\"tabpanel\" aria-labelledby=\"elementor-tab-title-1612\" tabindex=\"0\" hidden=\"hidden\">\n<table id=\"tablepress-20\" class=\"tablepress tablepress-id-20\">\n<thead>\n<tr class=\"row-1\">\n\t<th class=\"column-1\">C\u00f3digo<\/th><th class=\"column-2\">Nombre del Archivo<\/th><th class=\"column-3\">Descargas<\/th><th class=\"column-4\">Versi\u00f3n<\/th><th class=\"column-5\">Fecha<\/th><th class=\"column-6\">Tipo<\/th>\n<\/tr>\n<\/thead>\n<tbody class=\"row-striping row-hover\">\n<tr class=\"row-2\">\n\t<td class=\"column-1\">OD-SC-005<\/td><td class=\"column-2\">Caracterizaci\u00f3n Seguimiento Control y Evaluaci\u00f3n<\/td><td class=\"column-3\"><a href=\"https:\/\/umayor.edu.co\/portales\/sig\/wp-content\/uploads\/2024\/04\/CARACTERIZACION-SEGUIMIENTO-CONTROL-Y-EVALUACION.docx.pdf\">Descargar<\/a><\/td><td class=\"column-4\">8<\/td><td class=\"column-5\">22\/06\/2021<\/td><td class=\"column-6\">CARACTERIZACI\u00d3N<\/td>\n<\/tr>\n<tr class=\"row-3\">\n\t<td class=\"column-1\">PR-SC-001<\/td><td class=\"column-2\">Auditor\u00edas internas de control interno<\/td><td class=\"column-3\"><a href=\"https:\/\/umayor.edu.co\/portales\/sig\/wp-content\/uploads\/2025\/09\/PR-SC-001-Procedimiento-de-auditoria-Interna-V14.docx.pdf\">Descargar<\/a><\/td><td class=\"column-4\">14<\/td><td class=\"column-5\">12\/09\/2025<\/td><td class=\"column-6\">PROCEDIMIENTO<\/td>\n<\/tr>\n<tr class=\"row-4\">\n\t<td class=\"column-1\">PR-SC-002<\/td><td class=\"column-2\">Planes de mejoramiento<\/td><td class=\"column-3\"><a href=\"https:\/\/umayor.edu.co\/portales\/sig\/wp-content\/uploads\/2025\/04\/PR-SC-002-Procedimiento-planes-de-mejoramientos-V1.pdf\">Descargar<\/a><\/td><td class=\"column-4\">1<\/td><td class=\"column-5\">28\/04\/2025<\/td><td class=\"column-6\">PROCEDIMIENTO<\/td>\n<\/tr>\n<tr class=\"row-5\">\n\t<td class=\"column-1\">FT-SC-001<\/td><td class=\"column-2\">Seguimiento al plan de mejoramiento<\/td><td class=\"column-3\"><a href=\"https:\/\/umayor.edu.co\/portales\/sig\/wp-content\/uploads\/2024\/09\/FT-SC-001-Seguimiento-al-plan-de-mejoramiento-3.xlsx\">Descargar<\/a><\/td><td class=\"column-4\">1<\/td><td class=\"column-5\">22\/06\/2021<\/td><td class=\"column-6\">FORMATO<\/td>\n<\/tr>\n<tr class=\"row-6\">\n\t<td class=\"column-1\">FT-SC-002<\/td><td class=\"column-2\">Plan de Trabajo<\/td><td class=\"column-3\"><a href=\"https:\/\/umayor.edu.co\/portales\/sig\/wp-content\/uploads\/2024\/09\/FT-SC-002-Plan-de-Trabajo-2.xlsx\">Descargar<\/a><\/td><td class=\"column-4\">1<\/td><td class=\"column-5\">22\/06\/2021<\/td><td class=\"column-6\">FORMATO<\/td>\n<\/tr>\n<tr class=\"row-7\">\n\t<td class=\"column-1\">FT-SC-003<\/td><td class=\"column-2\">Memorando de asignaci\u00f3n<\/td><td class=\"column-3\"><a href=\"https:\/\/umayor.edu.co\/portales\/sig\/wp-content\/uploads\/2025\/02\/FT-SC-003-Memorando-de-asignacion.docx\">Descargar<\/a><\/td><td class=\"column-4\">1<\/td><td class=\"column-5\">03\/02\/2025<\/td><td class=\"column-6\">FORMATO<\/td>\n<\/tr>\n<tr class=\"row-8\">\n\t<td class=\"column-1\">FT-SC-004<\/td><td class=\"column-2\">Matriz de fijaci\u00f3n o levantamiento de observaciones<\/td><td class=\"column-3\"><a href=\"https:\/\/umayor.edu.co\/portales\/sig\/wp-content\/uploads\/2025\/02\/FT-SC-004-Matriz-de-fijacion-o-levantamiento-de-observaciones.xlsx\">Descargar<\/a><\/td><td class=\"column-4\">1<\/td><td class=\"column-5\">03\/02\/2025<\/td><td class=\"column-6\">FORMATO<\/td>\n<\/tr>\n<tr class=\"row-9\">\n\t<td class=\"column-1\">FT-SC-005<\/td><td class=\"column-2\">Informe de auditor\u00eda de control interno<\/td><td class=\"column-3\"><a href=\"https:\/\/umayor.edu.co\/portales\/sig\/wp-content\/uploads\/2025\/02\/FT-SC-005-Informe-de-auditoria-control-interno-3.docx\">Descargar<\/a><\/td><td class=\"column-4\">1<\/td><td class=\"column-5\">03\/02\/2025<\/td><td class=\"column-6\">FORMATO<\/td>\n<\/tr>\n<tr class=\"row-10\">\n\t<td class=\"column-1\">FT-SC-006<\/td><td class=\"column-2\">Programa de trabajo de auditor\u00eda<\/td><td class=\"column-3\"><a href=\"https:\/\/umayor.edu.co\/portales\/sig\/wp-content\/uploads\/2025\/02\/FT-SC-006-Programa-de-trabajo-auditoria.xlsx\">Descargar<\/a><\/td><td class=\"column-4\">1<\/td><td class=\"column-5\">03\/02\/2025<\/td><td class=\"column-6\">FORMATO<\/td>\n<\/tr>\n<tr class=\"row-11\">\n\t<td class=\"column-1\">FT-SC-007<\/td><td class=\"column-2\">Cronograma de trabajo de auditor\u00eda<\/td><td class=\"column-3\"><a href=\"https:\/\/umayor.edu.co\/portales\/sig\/wp-content\/uploads\/2025\/09\/FT-SC-007-Cronograma-de-auditoria-V2.xlsx\">Descargar<\/a><\/td><td class=\"column-4\">2<\/td><td class=\"column-5\">04\/09\/2025<\/td><td class=\"column-6\">FORMATO<\/td>\n<\/tr>\n<tr class=\"row-12\">\n\t<td class=\"column-1\">FT-SC-008<\/td><td class=\"column-2\">Matriz de seguimiento a mapa de corrupci\u00f3n<\/td><td class=\"column-3\"><a href=\"https:\/\/umayor.edu.co\/portales\/sig\/wp-content\/uploads\/2025\/02\/FT-SC-008-MATRIZ-DE-SEGUIMIENTO-MAPA-DE-CORRUPCCION.xlsx\">Descargar<\/a><\/td><td class=\"column-4\">1<\/td><td class=\"column-5\">06\/02\/2025<\/td><td class=\"column-6\">FORMATO<\/td>\n<\/tr>\n<tr class=\"row-13\">\n\t<td class=\"column-1\">FT-SC-009<\/td><td class=\"column-2\">Representaci\u00f3n del auditado<\/td><td class=\"column-3\"><a href=\"https:\/\/umayor.edu.co\/portales\/sig\/wp-content\/uploads\/2025\/03\/FT-SC-009-CARTA-DE-REPRESENTACION-AUDITADO.docx\">Descargar<\/a><\/td><td class=\"column-4\">1<\/td><td class=\"column-5\">26\/03\/2025<\/td><td class=\"column-6\">FORMATO<\/td>\n<\/tr>\n<tr class=\"row-14\">\n\t<td class=\"column-1\">FT-SC-010<\/td><td class=\"column-2\">Comunicaci\u00f3n de auditor\u00eda<\/td><td class=\"column-3\"><a href=\"https:\/\/umayor.edu.co\/portales\/sig\/wp-content\/uploads\/2025\/04\/FT-SC-010-Comunicacion-de-auditoria-4.docx\">Descargar<\/a><\/td><td class=\"column-4\">1<\/td><td class=\"column-5\">26\/03\/2025<\/td><td class=\"column-6\">FORMATO<\/td>\n<\/tr>\n<tr class=\"row-15\">\n\t<td class=\"column-1\">FT-SC-011<\/td><td class=\"column-2\">Solicitud de informaci\u00f3n de auditor\u00eda\/Seguimiento<\/td><td class=\"column-3\"><a href=\"https:\/\/umayor.edu.co\/portales\/sig\/wp-content\/uploads\/2025\/03\/FT-SC-011-SOLICITUD-INFORMACION-AUDITORIA-SEGUIMIENTOS.docx\">Descargar<\/a><\/td><td class=\"column-4\">1<\/td><td class=\"column-5\">26\/03\/2025<\/td><td class=\"column-6\">FORMATO<\/td>\n<\/tr>\n<tr class=\"row-16\">\n\t<td class=\"column-1\">FT-SC-012<\/td><td class=\"column-2\">Informe ejecutivo<\/td><td class=\"column-3\"><a href=\"https:\/\/umayor.edu.co\/portales\/sig\/wp-content\/uploads\/2025\/05\/FT-SC-012-Informe-ejecutivo.docx\">Descargar<\/a><\/td><td class=\"column-4\">1<\/td><td class=\"column-5\">29\/05\/2025<\/td><td class=\"column-6\">FORMATO<\/td>\n<\/tr>\n<\/tbody>\n<\/table>\n<!-- #tablepress-20 from cache --><\/div>\n\t\t\t\t\t\t\t<\/div>\n\t\t<\/div>\n\t\t\t\t\t\t<\/div>\n\t\t\t\t<\/div>\n\t\t\t\t\t<\/div>\n\t\t<\/div>\n\t\t\t\t\t<\/div>\n\t\t<\/section>\n\t\t\t\t<section class=\"elementor-section elementor-top-section elementor-element elementor-element-4e8c0f3 elementor-section-boxed elementor-section-height-default elementor-section-height-default\" data-id=\"4e8c0f3\" data-element_type=\"section\">\n\t\t\t\t\t\t<div class=\"elementor-container elementor-column-gap-default\">\n\t\t\t\t\t<div class=\"elementor-column elementor-col-100 elementor-top-column elementor-element elementor-element-08cfbaf\" data-id=\"08cfbaf\" data-element_type=\"column\" data-settings=\"{&quot;background_background&quot;:&quot;classic&quot;}\">\n\t\t\t<div class=\"elementor-widget-wrap elementor-element-populated\">\n\t\t\t\t\t\t<div class=\"elementor-element elementor-element-674b495 elementor-view-default elementor-position-top elementor-mobile-position-top elementor-widget elementor-widget-icon-box\" data-id=\"674b495\" data-element_type=\"widget\" data-widget_type=\"icon-box.default\">\n\t\t\t\t<div class=\"elementor-widget-container\">\n\t\t\t\t\t\t\t<div class=\"elementor-icon-box-wrapper\">\n\n\t\t\t\t\t\t<div class=\"elementor-icon-box-icon\">\n\t\t\t\t<span  class=\"elementor-icon\">\n\t\t\t\t<i aria-hidden=\"true\" class=\"fas fa-envelope\"><\/i>\t\t\t\t<\/span>\n\t\t\t<\/div>\n\t\t\t\n\t\t\t\t\t\t<div class=\"elementor-icon-box-content\">\n\n\t\t\t\t\t\t\t\t\t<h3 class=\"elementor-icon-box-title\">\n\t\t\t\t\t\t<span  >\n\t\t\t\t\t\t\tContacto\t\t\t\t\t\t<\/span>\n\t\t\t\t\t<\/h3>\n\t\t\t\t\n\t\t\t\t\t\t\t\t\t<p class=\"elementor-icon-box-description\">\n\t\t\t\t\t\tComun\u00edcate con nosotros:\n<br>\nd.planeacion@umayor.edu.co\n<br>\na.sig@umayor.edu.co \t\t\t\t\t<\/p>\n\t\t\t\t\n\t\t\t<\/div>\n\t\t\t\n\t\t<\/div>\n\t\t\t\t\t\t<\/div>\n\t\t\t\t<\/div>\n\t\t\t\t\t<\/div>\n\t\t<\/div>\n\t\t\t\t\t<\/div>\n\t\t<\/section>\n\t\t\t\t<\/div>\n\t\t","protected":false},"excerpt":{"rendered":"<p>PROCESOS MISIONALES PROCESOS DE APOYO PROCESOS ESTRAT\u00c9GICOS PROCESOS DE EVALUACI\u00d3N Calidad Acad\u00e9mica Seguimiento, control y evaluaci\u00f3n Calidad Acad\u00e9mica Editar Nombre del Archivo Descargas Versi\u00f3n Fecha Tipo Subproceso CARACTERIZACI\u00d3N Descargar 5 14\/01\/2023 CARACTERIZACI\u00d3N PR-CA-001 Autoevaluaci\u00f3n institucional y de programa Descargar 10 08\/02\/2024 PROCEDIMIENTO PR-CA-002 Acreditaci\u00f3n Descargar 6 08\/02\/2024 PROCEDIMIENTO FT-CA-005 Plan de mejoramiento autoevaluaci\u00f3n y acreditaci\u00f3n [&hellip;]<\/p>\n","protected":false},"author":1,"featured_media":0,"parent":0,"menu_order":0,"comment_status":"closed","ping_status":"closed","template":"","meta":{"footnotes":""},"class_list":["post-146","page","type-page","status-publish","hentry"],"_links":{"self":[{"href":"https:\/\/umayor.edu.co\/portales\/sig\/wp-json\/wp\/v2\/pages\/146","targetHints":{"allow":["GET"]}}],"collection":[{"href":"https:\/\/umayor.edu.co\/portales\/sig\/wp-json\/wp\/v2\/pages"}],"about":[{"href":"https:\/\/umayor.edu.co\/portales\/sig\/wp-json\/wp\/v2\/types\/page"}],"author":[{"embeddable":true,"href":"https:\/\/umayor.edu.co\/portales\/sig\/wp-json\/wp\/v2\/users\/1"}],"replies":[{"embeddable":true,"href":"https:\/\/umayor.edu.co\/portales\/sig\/wp-json\/wp\/v2\/comments?post=146"}],"version-history":[{"count":23,"href":"https:\/\/umayor.edu.co\/portales\/sig\/wp-json\/wp\/v2\/pages\/146\/revisions"}],"predecessor-version":[{"id":2271,"href":"https:\/\/umayor.edu.co\/portales\/sig\/wp-json\/wp\/v2\/pages\/146\/revisions\/2271"}],"wp:attachment":[{"href":"https:\/\/umayor.edu.co\/portales\/sig\/wp-json\/wp\/v2\/media?parent=146"}],"curies":[{"name":"wp","href":"https:\/\/api.w.org\/{rel}","templated":true}]}}