{"id":47,"date":"2023-01-18T02:09:51","date_gmt":"2023-01-18T07:09:51","guid":{"rendered":"https:\/\/umayor.edu.co\/vacantes\/?page_id=47"},"modified":"2023-01-18T02:20:02","modified_gmt":"2023-01-18T07:20:02","slug":"empleos","status":"publish","type":"page","link":"https:\/\/umayor.edu.co\/vacantes\/","title":{"rendered":"Empleos"},"content":{"rendered":"\t<div class=\"awsm-job-wrap\">\n\n\t\t\n\t\t<div class=\"awsm-job-listings awsm-lists\" data-listings=\"10\">\n\t\t\t<div class=\"awsm-job-listing-item awsm-list-item\" id=\"awsm-list-item-8539\">\t\t<div class=\"awsm-job-item\">\t\t\t<div class=\"awsm-list-left-col\">\n\t\t\t\t\n\t\t\t\t\n\t\t\t\t<h2 class=\"awsm-job-post-title\">\n\t\t\t\t\t<a href=\"https:\/\/umayor.edu.co\/vacantes\/empleo\/profesional-en-lenguas-extranjeras-modernas-licenciatura-en-ingles-o-areas-afines-regionalizacion-2026-1\/\">Profesional en Lenguas Extranjeras, Modernas Licenciatura en Ingl\u00e9s o \u00e1reas afines &#8211; Regionalizaci\u00f3n 2026-1<\/a>\t\t\t\t<\/h2>\n\n\t\t\t\t\t\t\t<\/div>\n\n\t\t\t<div class=\"awsm-list-right-col\">\n\t\t\t\t<div class=\"awsm-job-more-container\"><a class=\"awsm-job-more\" href=\"https:\/\/umayor.edu.co\/vacantes\/empleo\/profesional-en-lenguas-extranjeras-modernas-licenciatura-en-ingles-o-areas-afines-regionalizacion-2026-1\/\">M\u00e1s detalles <span><\/span><\/a><\/div>\t\t\t<\/div>\n\t\t<\/div>\t<\/div><div class=\"awsm-job-listing-item awsm-list-item\" id=\"awsm-list-item-7731\">\t\t<div class=\"awsm-job-item\">\t\t\t<div class=\"awsm-list-left-col\">\n\t\t\t\t\n\t\t\t\t\n\t\t\t\t<h2 class=\"awsm-job-post-title\">\n\t\t\t\t\t<a href=\"https:\/\/umayor.edu.co\/vacantes\/empleo\/profesional-en-finanzas-economista-o-administracion-de-empresas\/\">Profesional en Finanzas, Economista o Administraci\u00f3n de Empresas &#8211; Prog. Turismo 2026-1<\/a>\t\t\t\t<\/h2>\n\n\t\t\t\t\t\t\t<\/div>\n\n\t\t\t<div class=\"awsm-list-right-col\">\n\t\t\t\t<div class=\"awsm-job-more-container\"><a class=\"awsm-job-more\" href=\"https:\/\/umayor.edu.co\/vacantes\/empleo\/profesional-en-finanzas-economista-o-administracion-de-empresas\/\">M\u00e1s detalles <span><\/span><\/a><\/div>\t\t\t<\/div>\n\t\t<\/div>\t<\/div><div class=\"awsm-job-listing-item awsm-list-item\" id=\"awsm-list-item-7726\">\t\t<div class=\"awsm-job-item\">\t\t\t<div class=\"awsm-list-left-col\">\n\t\t\t\t\n\t\t\t\t\n\t\t\t\t<h2 class=\"awsm-job-post-title\">\n\t\t\t\t\t<a href=\"https:\/\/umayor.edu.co\/vacantes\/empleo\/profesional-en-administracion-de-empresas-turisticas-hoteleria-y-turismogestion-hotelera-prog-turismo-2026-1\/\">Profesional en Administraci\u00f3n de Empresas Tur\u00edsticas, Hoteler\u00eda y Turismo,Gesti\u00f3n Hotelera &#8211; Prog. Turismo 2026-1<\/a>\t\t\t\t<\/h2>\n\n\t\t\t\t\t\t\t<\/div>\n\n\t\t\t<div class=\"awsm-list-right-col\">\n\t\t\t\t<div class=\"awsm-job-more-container\"><a class=\"awsm-job-more\" href=\"https:\/\/umayor.edu.co\/vacantes\/empleo\/profesional-en-administracion-de-empresas-turisticas-hoteleria-y-turismogestion-hotelera-prog-turismo-2026-1\/\">M\u00e1s detalles <span><\/span><\/a><\/div>\t\t\t<\/div>\n\t\t<\/div>\t<\/div><div class=\"awsm-job-listing-item awsm-list-item\" id=\"awsm-list-item-7710\">\t\t<div class=\"awsm-job-item\">\t\t\t<div class=\"awsm-list-left-col\">\n\t\t\t\t\n\t\t\t\t\n\t\t\t\t<h2 class=\"awsm-job-post-title\">\n\t\t\t\t\t<a href=\"https:\/\/umayor.edu.co\/vacantes\/empleo\/profesional-en-administracion-de-empresas-turisticas-hoteleria-y-turismo\/\">Profesional en Administraci\u00f3n de Empresas Tur\u00edsticas, Hoteler\u00eda y Turismo &#8211; Prog. Turismo 2026-1<\/a>\t\t\t\t<\/h2>\n\n\t\t\t\t\t\t\t<\/div>\n\n\t\t\t<div class=\"awsm-list-right-col\">\n\t\t\t\t<div class=\"awsm-job-more-container\"><a class=\"awsm-job-more\" href=\"https:\/\/umayor.edu.co\/vacantes\/empleo\/profesional-en-administracion-de-empresas-turisticas-hoteleria-y-turismo\/\">M\u00e1s detalles <span><\/span><\/a><\/div>\t\t\t<\/div>\n\t\t<\/div>\t<\/div><div class=\"awsm-job-listing-item awsm-list-item\" id=\"awsm-list-item-7701\">\t\t<div class=\"awsm-job-item\">\t\t\t<div class=\"awsm-list-left-col\">\n\t\t\t\t\n\t\t\t\t\n\t\t\t\t<h2 class=\"awsm-job-post-title\">\n\t\t\t\t\t<a href=\"https:\/\/umayor.edu.co\/vacantes\/empleo\/profesional-en-administracion-de-empresas-con-maestria-en-administracion-o-areas-afines-prog-admon-comercio-exterior-2026-1\/\">Profesional en Administraci\u00f3n de Empresas con Maestr\u00eda en Administraci\u00f3n o \u00e1reas afines &#8211; Prog. Adm\u00f3n Comercio Exterior 2026-1<\/a>\t\t\t\t<\/h2>\n\n\t\t\t\t\t\t\t<\/div>\n\n\t\t\t<div class=\"awsm-list-right-col\">\n\t\t\t\t<div class=\"awsm-job-more-container\"><a class=\"awsm-job-more\" href=\"https:\/\/umayor.edu.co\/vacantes\/empleo\/profesional-en-administracion-de-empresas-con-maestria-en-administracion-o-areas-afines-prog-admon-comercio-exterior-2026-1\/\">M\u00e1s detalles <span><\/span><\/a><\/div>\t\t\t<\/div>\n\t\t<\/div>\t<\/div><div class=\"awsm-job-listing-item awsm-list-item\" id=\"awsm-list-item-7700\">\t\t<div class=\"awsm-job-item\">\t\t\t<div class=\"awsm-list-left-col\">\n\t\t\t\t\n\t\t\t\t\n\t\t\t\t<h2 class=\"awsm-job-post-title\">\n\t\t\t\t\t<a href=\"https:\/\/umayor.edu.co\/vacantes\/empleo\/profesional-en-contaduria-publica-con-maestria-prog-admon-en-comercio-exterior-2026-1\/\">Profesional en Contadur\u00eda P\u00fablica con Maestr\u00eda &#8211; Prog. Admon en Comercio Exterior 2026-1<\/a>\t\t\t\t<\/h2>\n\n\t\t\t\t\t\t\t<\/div>\n\n\t\t\t<div class=\"awsm-list-right-col\">\n\t\t\t\t<div class=\"awsm-job-more-container\"><a class=\"awsm-job-more\" href=\"https:\/\/umayor.edu.co\/vacantes\/empleo\/profesional-en-contaduria-publica-con-maestria-prog-admon-en-comercio-exterior-2026-1\/\">M\u00e1s detalles <span><\/span><\/a><\/div>\t\t\t<\/div>\n\t\t<\/div>\t<\/div><div class=\"awsm-job-listing-item awsm-list-item\" id=\"awsm-list-item-7699\">\t\t<div class=\"awsm-job-item\">\t\t\t<div class=\"awsm-list-left-col\">\n\t\t\t\t\n\t\t\t\t\n\t\t\t\t<h2 class=\"awsm-job-post-title\">\n\t\t\t\t\t<a href=\"https:\/\/umayor.edu.co\/vacantes\/empleo\/profesional-en-administracion-o-ingeniero-logistico-prog-admon-comercio-exterior-2026-1\/\">Profesional en Administraci\u00f3n o Ingeniero Log\u00edstico Prog. Adm\u00f3n Comercio Exterior 2026-1<\/a>\t\t\t\t<\/h2>\n\n\t\t\t\t\t\t\t<\/div>\n\n\t\t\t<div class=\"awsm-list-right-col\">\n\t\t\t\t<div class=\"awsm-job-more-container\"><a class=\"awsm-job-more\" href=\"https:\/\/umayor.edu.co\/vacantes\/empleo\/profesional-en-administracion-o-ingeniero-logistico-prog-admon-comercio-exterior-2026-1\/\">M\u00e1s detalles <span><\/span><\/a><\/div>\t\t\t<\/div>\n\t\t<\/div>\t<\/div><div class=\"awsm-job-listing-item awsm-list-item\" id=\"awsm-list-item-7159\">\t\t<div class=\"awsm-job-item\">\t\t\t<div class=\"awsm-list-left-col\">\n\t\t\t\t\n\t\t\t\t\n\t\t\t\t<h2 class=\"awsm-job-post-title\">\n\t\t\t\t\t<a href=\"https:\/\/umayor.edu.co\/vacantes\/empleo\/profesional-en-derecho-especialista-en-derecho-administrativo-o-derecho-constitucional\/\">Profesional en Derecho Especialista en Derecho Administrativo o Derecho Constitucional<\/a>\t\t\t\t<\/h2>\n\n\t\t\t\t\t\t\t<\/div>\n\n\t\t\t<div class=\"awsm-list-right-col\">\n\t\t\t\t<div class=\"awsm-job-more-container\"><a class=\"awsm-job-more\" href=\"https:\/\/umayor.edu.co\/vacantes\/empleo\/profesional-en-derecho-especialista-en-derecho-administrativo-o-derecho-constitucional\/\">M\u00e1s detalles <span><\/span><\/a><\/div>\t\t\t<\/div>\n\t\t<\/div>\t<\/div><div class=\"awsm-job-listing-item awsm-list-item\" id=\"awsm-list-item-7157\">\t\t<div class=\"awsm-job-item\">\t\t\t<div class=\"awsm-list-left-col\">\n\t\t\t\t\n\t\t\t\t\n\t\t\t\t<h2 class=\"awsm-job-post-title\">\n\t\t\t\t\t<a href=\"https:\/\/umayor.edu.co\/vacantes\/empleo\/profesional-en-administracion-de-empresas-ingenieria-industrial-o-areas-afines-regionalizacion\/\">Profesional en Administraci\u00f3n de Empresas, Ingenier\u00eda Industrial, o \u00e1reas afines &#8211; Regionalizaci\u00f3n<\/a>\t\t\t\t<\/h2>\n\n\t\t\t\t\t\t\t<\/div>\n\n\t\t\t<div class=\"awsm-list-right-col\">\n\t\t\t\t<div class=\"awsm-job-more-container\"><a class=\"awsm-job-more\" href=\"https:\/\/umayor.edu.co\/vacantes\/empleo\/profesional-en-administracion-de-empresas-ingenieria-industrial-o-areas-afines-regionalizacion\/\">M\u00e1s detalles <span><\/span><\/a><\/div>\t\t\t<\/div>\n\t\t<\/div>\t<\/div><div class=\"awsm-job-listing-item awsm-list-item\" id=\"awsm-list-item-7152\">\t\t<div class=\"awsm-job-item\">\t\t\t<div class=\"awsm-list-left-col\">\n\t\t\t\t\n\t\t\t\t\n\t\t\t\t<h2 class=\"awsm-job-post-title\">\n\t\t\t\t\t<a href=\"https:\/\/umayor.edu.co\/vacantes\/empleo\/lic-matematicas-estadistica-economia-o-areas-afine-con-posgrdo-regionalizacion\/\">Lic. Matem\u00e1ticas, Estad\u00edstica, Econom\u00eda o \u00e1reas afine con posgrdo -Regionalizaci\u00f3n<\/a>\t\t\t\t<\/h2>\n\n\t\t\t\t\t\t\t<\/div>\n\n\t\t\t<div class=\"awsm-list-right-col\">\n\t\t\t\t<div class=\"awsm-job-more-container\"><a class=\"awsm-job-more\" href=\"https:\/\/umayor.edu.co\/vacantes\/empleo\/lic-matematicas-estadistica-economia-o-areas-afine-con-posgrdo-regionalizacion\/\">M\u00e1s detalles <span><\/span><\/a><\/div>\t\t\t<\/div>\n\t\t<\/div>\t<\/div><div class=\"awsm-jobs-pagination awsm-load-more-main\"><a href=\"#\" class=\"awsm-load-more awsm-load-more-btn\" data-page=\"1\">Cargar m\u00e1s...<\/a><\/div>\t\t<\/div>\n\n\t<\/div>\n\t\n","protected":false},"excerpt":{"rendered":"","protected":false},"author":1,"featured_media":0,"parent":0,"menu_order":0,"comment_status":"closed","ping_status":"closed","template":"templates\/template-page-full-width.php","meta":{"footnotes":""},"class_list":["post-47","page","type-page","status-publish","hentry"],"_links":{"self":[{"href":"https:\/\/umayor.edu.co\/vacantes\/wp-json\/wp\/v2\/pages\/47","targetHints":{"allow":["GET"]}}],"collection":[{"href":"https:\/\/umayor.edu.co\/vacantes\/wp-json\/wp\/v2\/pages"}],"about":[{"href":"https:\/\/umayor.edu.co\/vacantes\/wp-json\/wp\/v2\/types\/page"}],"author":[{"embeddable":true,"href":"https:\/\/umayor.edu.co\/vacantes\/wp-json\/wp\/v2\/users\/1"}],"replies":[{"embeddable":true,"href":"https:\/\/umayor.edu.co\/vacantes\/wp-json\/wp\/v2\/comments?post=47"}],"version-history":[{"count":3,"href":"https:\/\/umayor.edu.co\/vacantes\/wp-json\/wp\/v2\/pages\/47\/revisions"}],"predecessor-version":[{"id":53,"href":"https:\/\/umayor.edu.co\/vacantes\/wp-json\/wp\/v2\/pages\/47\/revisions\/53"}],"wp:attachment":[{"href":"https:\/\/umayor.edu.co\/vacantes\/wp-json\/wp\/v2\/media?parent=47"}],"curies":[{"name":"wp","href":"https:\/\/api.w.org\/{rel}","templated":true}]}}